{"id":54,"date":"2020-11-01T15:43:53","date_gmt":"2020-11-01T15:43:53","guid":{"rendered":"http:\/\/logopaedie-kaernten.at\/?page_id=54"},"modified":"2024-06-10T20:23:34","modified_gmt":"2024-06-10T20:23:34","slug":"information","status":"publish","type":"page","link":"http:\/\/logopaedie-kaernten.at\/index.php\/information\/","title":{"rendered":"Information"},"content":{"rendered":"\t\t<div data-elementor-type=\"wp-page\" data-elementor-id=\"54\" class=\"elementor elementor-54\">\n\t\t\t\t\t\t<section class=\"elementor-section elementor-top-section elementor-element elementor-element-3d9d530b elementor-section-boxed elementor-section-height-default elementor-section-height-default\" data-id=\"3d9d530b\" data-element_type=\"section\" data-e-type=\"section\">\n\t\t\t\t\t\t<div class=\"elementor-container elementor-column-gap-default\">\n\t\t\t\t\t<div class=\"elementor-column elementor-col-100 elementor-top-column elementor-element elementor-element-7f91f53\" data-id=\"7f91f53\" data-element_type=\"column\" data-e-type=\"column\">\n\t\t\t<div class=\"elementor-widget-wrap elementor-element-populated\">\n\t\t\t\t\t\t<div class=\"elementor-element elementor-element-70f21b7f elementor-widget elementor-widget-text-editor\" data-id=\"70f21b7f\" data-element_type=\"widget\" data-e-type=\"widget\" data-widget_type=\"text-editor.default\">\n\t\t\t\t<div class=\"elementor-widget-container\">\n\t\t\t\t\t\t\t\t\t\n<p>Herzlich Willkommen auf meiner Home Page!<\/p>\n\n<p>Als Wahllogop\u00e4din habe ich einen Vertrag mit den \u00f6sterreichischen Gesundheitskassen (\u00d6GK, BVAEB, SVS).<br \/>Um eine logop\u00e4dische Therapie in Anspruch nehmen zu k\u00f6nnen, bedarf es einer fach\u00e4rztlichen \u00dcberweisung (HNO-Fach\u00e4rztin<em>, <\/em>Kinder\u00e4rztin, Neurologin, Kieferorthop\u00e4din), welche vor Beginn der logop\u00e4dischen Therapie chef\u00e4rztlich bewilligt werden muss. Im Anschluss der Therapie k\u00f6nnen Sie um eine Kostenerstattung bei der jeweiligen Kasse ansuchen und bekommen einen Teil des Gesamtbetrages refundiert (je nach Kasse unterschiedlich).<\/p>\n\n<p>Meine Praxisr\u00e4umlichkeiten befinden sich in der HNO-Ordination von Dr. Brigitte Schmedler.<\/p>\n\n<p>Adresse:<br \/>Friesacher Stra\u00dfe 24 (Innenhof)<br \/>9300 St. Veit an der Glan<br \/><a href=\"https:\/\/goo.gl\/maps\/wT3WMro5Rir5dtzU6\">https:\/\/goo.gl\/maps\/wT3WMro5Rir5dtzU6<\/a><br \/><br \/><\/p>\n\n<p><strong>Terminvereinbarung:<\/strong><br \/>Bitte vereinbaren Sie entweder telefonisch (+436649518010) <br \/>oder per E-Mail (<a href=\"mailto:schmedler@logopaedie-kaernten.at\">schmedler@logopaedie-kaernten.at<\/a>) Ihren Therapietermin.<\/p>\n\n<p>\u00a0<\/p>\n\t\t\t\t\t\t\t\t<\/div>\n\t\t\t\t<\/div>\n\t\t\t\t\t<\/div>\n\t\t<\/div>\n\t\t\t\t\t<\/div>\n\t\t<\/section>\n\t\t\t\t<section class=\"elementor-section elementor-top-section elementor-element elementor-element-dc2b9b0 elementor-section-boxed elementor-section-height-default elementor-section-height-default\" data-id=\"dc2b9b0\" data-element_type=\"section\" data-e-type=\"section\">\n\t\t\t\t\t\t<div class=\"elementor-container elementor-column-gap-default\">\n\t\t\t\t\t<div class=\"elementor-column elementor-col-100 elementor-top-column elementor-element elementor-element-d79814a\" data-id=\"d79814a\" data-element_type=\"column\" data-e-type=\"column\">\n\t\t\t<div class=\"elementor-widget-wrap elementor-element-populated\">\n\t\t\t\t\t\t<div class=\"elementor-element elementor-element-40d6f0c elementor-widget elementor-widget-image\" data-id=\"40d6f0c\" data-element_type=\"widget\" data-e-type=\"widget\" data-widget_type=\"image.default\">\n\t\t\t\t<div class=\"elementor-widget-container\">\n\t\t\t\t\t\t\t\t\t\t\t\t\t\t\t\t<a href=\"http:\/\/www.mtd-austria.at\">\n\t\t\t\t\t\t\t<img decoding=\"async\" width=\"115\" height=\"96\" src=\"http:\/\/logopaedie-kaernten.at\/wp-content\/uploads\/2024\/06\/CPD-Plus.jpg\" class=\"attachment-thumbnail size-thumbnail wp-image-335\" alt=\"\" \/>\t\t\t\t\t\t\t\t<\/a>\n\t\t\t\t\t\t\t\t\t\t\t\t\t\t\t<\/div>\n\t\t\t\t<\/div>\n\t\t\t\t\t<\/div>\n\t\t<\/div>\n\t\t\t\t\t<\/div>\n\t\t<\/section>\n\t\t\t\t<\/div>\n\t\t","protected":false},"excerpt":{"rendered":"<p>Herzlich Willkommen auf meiner Home Page! Als Wahllogop\u00e4din habe ich einen Vertrag mit den \u00f6sterreichischen Gesundheitskassen (\u00d6GK, BVAEB, SVS).Um eine logop\u00e4dische Therapie in Anspruch nehmen zu k\u00f6nnen, bedarf es einer fach\u00e4rztlichen \u00dcberweisung (HNO-Fach\u00e4rztin, Kinder\u00e4rztin, Neurologin, Kieferorthop\u00e4din), welche vor Beginn der logop\u00e4dischen Therapie chef\u00e4rztlich bewilligt werden muss. Im Anschluss der Therapie k\u00f6nnen Sie um eine Kostenerstattung <a class=\"read-more\" href=\"http:\/\/logopaedie-kaernten.at\/index.php\/information\/\">Read More<\/a><\/p>\n","protected":false},"author":1,"featured_media":0,"parent":0,"menu_order":0,"comment_status":"closed","ping_status":"closed","template":"","meta":{"footnotes":""},"class_list":["post-54","page","type-page","status-publish","hentry"],"jetpack_sharing_enabled":true,"_links":{"self":[{"href":"http:\/\/logopaedie-kaernten.at\/index.php\/wp-json\/wp\/v2\/pages\/54","targetHints":{"allow":["GET"]}}],"collection":[{"href":"http:\/\/logopaedie-kaernten.at\/index.php\/wp-json\/wp\/v2\/pages"}],"about":[{"href":"http:\/\/logopaedie-kaernten.at\/index.php\/wp-json\/wp\/v2\/types\/page"}],"author":[{"embeddable":true,"href":"http:\/\/logopaedie-kaernten.at\/index.php\/wp-json\/wp\/v2\/users\/1"}],"replies":[{"embeddable":true,"href":"http:\/\/logopaedie-kaernten.at\/index.php\/wp-json\/wp\/v2\/comments?post=54"}],"version-history":[{"count":22,"href":"http:\/\/logopaedie-kaernten.at\/index.php\/wp-json\/wp\/v2\/pages\/54\/revisions"}],"predecessor-version":[{"id":394,"href":"http:\/\/logopaedie-kaernten.at\/index.php\/wp-json\/wp\/v2\/pages\/54\/revisions\/394"}],"wp:attachment":[{"href":"http:\/\/logopaedie-kaernten.at\/index.php\/wp-json\/wp\/v2\/media?parent=54"}],"curies":[{"name":"wp","href":"https:\/\/api.w.org\/{rel}","templated":true}]}}